{"id":3,"date":"2022-01-10T13:48:14","date_gmt":"2022-01-10T12:48:14","guid":{"rendered":"https:\/\/certificagreen.com\/?page_id=3"},"modified":"2024-11-29T14:39:58","modified_gmt":"2024-11-29T13:39:58","slug":"privacy-policy","status":"publish","type":"page","link":"https:\/\/certificagreen.com\/en\/privacy-policy\/","title":{"rendered":"Privacy policy"},"content":{"rendered":"<div data-elementor-type=\"wp-page\" data-elementor-id=\"3\" class=\"elementor elementor-3\" data-elementor-post-type=\"page\">\n\t\t\t\t\t\t<section class=\"elementor-section elementor-top-section elementor-element elementor-element-6feb6ff elementor-section-height-min-height elementor-section-boxed elementor-section-height-default elementor-section-items-middle\" data-id=\"6feb6ff\" data-element_type=\"section\">\n\t\t\t\t\t\t<div class=\"elementor-container elementor-column-gap-default\">\n\t\t\t\t\t<div class=\"elementor-column elementor-col-100 elementor-top-column elementor-element elementor-element-537f642\" data-id=\"537f642\" data-element_type=\"column\">\n\t\t\t<div class=\"elementor-widget-wrap elementor-element-populated\">\n\t\t\t\t\t\t\t<\/div>\n\t\t<\/div>\n\t\t\t\t\t<\/div>\n\t\t<\/section>\n\t\t\t\t<section class=\"elementor-section elementor-top-section elementor-element elementor-element-a83c731 elementor-section-boxed elementor-section-height-default elementor-section-height-default\" data-id=\"a83c731\" data-element_type=\"section\">\n\t\t\t\t\t\t<div class=\"elementor-container elementor-column-gap-default\">\n\t\t\t\t\t<div class=\"elementor-column elementor-col-100 elementor-top-column elementor-element elementor-element-5cf5511\" data-id=\"5cf5511\" data-element_type=\"column\">\n\t\t\t<div class=\"elementor-widget-wrap elementor-element-populated\">\n\t\t\t\t\t\t<div class=\"elementor-element elementor-element-6c56ef3 elementor-widget elementor-widget-text-editor\" data-id=\"6c56ef3\" data-element_type=\"widget\" data-widget_type=\"text-editor.default\">\n\t\t\t\t<div class=\"elementor-widget-container\">\n\t\t\t\t\t\t\t\t\t<h3>Protection of personal data under the GDPR<\/h3>\n<p><span style=\"color: var( --e-global-color-text );\">Certificagreen<\/span>, en aplicaci\u00f3n de la normativa vigente en materia de protecci\u00f3n de datos de car\u00e1cter personal, informa que los datos personales que se recogen a trav\u00e9s de los formularios del Sitio web: https:\/\/certificagreen.com\/, se incluyen en los ficheros automatizados espec\u00edficos de usuarios de los servicios de&nbsp;<span style=\"color: var( --e-global-color-text );\">Certificagreen<\/span><\/p>\n<p>La recogida y tratamiento automatizado de los datos de car\u00e1cter personal tiene como finalidad el mantenimiento de la relaci\u00f3n comercial y el desempe\u00f1o de tareas de informaci\u00f3n, formaci\u00f3n, asesoramiento y otras actividades propias de&nbsp;<span style=\"color: var( --e-global-color-text );\">Certificagreen<\/span><\/p>\n<p>These data will only be transferred to those entities that are necessary for the sole purpose of complying with the aforementioned purpose.<\/p>\n<p><span style=\"color: var( --e-global-color-text );\">Certificagreen<\/span>&nbsp;adopta las medidas necesarias para garantizar la seguridad, integridad y confidencialidad de los datos conforme a lo dispuesto en el Reglamento (UE) 2016\/679 del Parlamento Europeo y del Consejo, de 27 de abril de 2016, relativo a la protecci\u00f3n de las personas f\u00edsicas en lo que respecta al tratamiento de datos personales y a la libre circulaci\u00f3n de los mismos, y derogando la antigua LOPD, la nueva Ley Org\u00e1nica 3\/2018, de 5 diciembre, de Protecci\u00f3n de Datos y Garant\u00eda de los Derechos Digitales (LOPDGDD).<\/p>\n<p>The user may at any time exercise the rights of access, opposition, rectification, cancellation, limitation and portability recognised in the aforementioned Regulation (EU). These rights may be exercised by the user by emailing a:info@certificagreen.com or at the following address: Calle Ntra. Sra. del Carmen, 44, 28039 Madrid.<\/p>\n<p>El usuario manifiesta que todos los datos facilitados por \u00e9l son ciertos y correctos, y se compromete a mantenerlos actualizados, comunicando los cambios a&nbsp;<span style=\"color: var( --e-global-color-text );\">Certificagreen<\/span><\/p>\n<h5>&nbsp;<\/h5>\n<h5><strong>Purpose of the processing of personal data:<\/strong><\/h5>\n<p><strong>For what purposes will we process your personal data?<\/strong><\/p>\n<p>En Certificagreen, trataremos tus datos personales recabados a trav\u00e9s del Sitio Web: https:\/\/certificagreen.com\/, con las siguientes finalidades:<\/p>\n<ol>\n<li>To provide its services in accordance with the particular needs of the clients, in order to fulfil the contracts entered into by it.<\/li>\n<li>Sending commercial information and newsletters about new services offered on the website and the sector.<\/li>\n<li>To provide the services contracted by the user.<\/li>\n<li>Send promotional information electronically.<\/li>\n<li>Provide the information requested by the user through the contact form.<\/li>\n<\/ol>\n<p>We remind you that you can object to the sending of commercial communications by any means and at any time by sending an e-mail to the above address.<\/p>\n<p>The fields in these registers must be filled in, and it is impossible to carry out the purposes expressed if these data are not provided.<\/p>\n<p><strong>How long will the personal data collected be kept?<\/strong><\/p>\n<p>The personal data provided will be kept for as long as the commercial relationship is maintained or you do not request its deletion and for the period of time for which legal responsibilities may arise from the services provided.<\/p>\n<h5>Legitimation:<\/h5>\n<p>The processing of your data is carried out on the following legal bases that legitimise it:<\/p>\n<ol>\n<li>La solicitud de informaci\u00f3n y\/o la contrataci\u00f3n de los servicios de Certificagreen, cuyos t\u00e9rminos y condiciones se pondr\u00e1n a tu disposici\u00f3n en todo caso, de forma previa a una eventual contrataci\u00f3n.<\/li>\n<li>Free, specific, informed and unequivocal consent, insofar as we inform you by making this privacy policy available to you, which after reading it, if you agree, you can accept by means of a declaration or a clear affirmative action, such as ticking a box provided for this purpose.<\/li>\n<\/ol>\n<p>If you do not provide us with your details, or if you do so incorrectly or incompletely, we will not be able to deal with your request, making it impossible for us to provide you with the requested information or to carry out the contracting of the services.<\/p>\n<h5>Target group:<\/h5>\n<p>Los datos no se comunicar\u00e1n a ning\u00fan tercero ajeno a Certificagreen, salvo obligaci\u00f3n legal.<\/p>\n<h5>Data collected by users of the services<\/h5>\n<p>En los casos en que el usuario incluya ficheros con datos de car\u00e1cter personal en los servidores de alojamiento compartido, Certificagreen&nbsp;no se hace responsable del incumplimiento por parte del usuario del RGPD.<\/p>\n<h5>Intellectual property rights https:\/\/certificagreen.com\/<\/h5>\n<p><span style=\"color: var( --e-global-color-text );\">Certificagreen<\/span>&nbsp;es titular de todos los derechos de autor, propiedad intelectual, industrial, \u00abknow how\u00bb y cuantos otros derechos guardan relaci\u00f3n con los contenidos del sitio web https:\/\/certificagreen.com\/ y los servicios ofertados en el mismo, as\u00ed como de los programas necesarios para su implementaci\u00f3n y la informaci\u00f3n relacionada.<\/p>\n<p>The reproduction, publication and\/or any other than strictly private use of the contents, in whole or in part, of the website https:\/\/certificagreen.com\/ is not permitted without prior written consent.<\/p>\n<h5>Software Intellectual Property<\/h5>\n<p>El usuario debe respetar los programas de terceros puestos a su disposici\u00f3n por Certificagreen, a\u00fan siendo gratuitos y\/o de disposici\u00f3n p\u00fablica.<\/p>\n<p><span style=\"color: var( --e-global-color-text );\">Certificagreen<\/span>&nbsp;dispone de los derechos de explotaci\u00f3n y propiedad intelectual necesarios del software.<\/p>\n<p>The user does not acquire any rights or licences for the contracted service, for the software necessary for the provision of the service, nor for the technical information for monitoring the service, with the exception of the rights and licences necessary for the fulfilment of the contracted services and only for the duration of the contracted services.<\/p>\n<p>Para toda actuaci\u00f3n que exceda del cumplimiento del contrato, el usuario necesitar\u00e1 autorizaci\u00f3n por escrito por parte de Certificagreen, quedando prohibido al usuario acceder, modificar, visualizar la configuraci\u00f3n, estructura y ficheros de los servidores propiedad de Certificagreen, asumiendo la responsabilidad civil y penal derivada de cualquier incidencia que se pudiera producir en los servidores y sistemas de seguridad como consecuencia directa de una actuaci\u00f3n negligente o maliciosa por su parte.<\/p>\n<h5>Intellectual property of hosted content<\/h5>\n<p>Se proh\u00edbe el uso contrario a la legislaci\u00f3n sobre propiedad intelectual de los servicios prestados por Certificagreen&nbsp;y, en particular de:<\/p>\n<ol>\n<li>Use that is contrary to Spanish law or infringes the rights of third parties.<\/li>\n<li>La publicaci\u00f3n o la transmisi\u00f3n de cualquier contenido que, a juicio de Certificagreenz, resulte violento, obsceno, abusivo, ilegal, racial, xen\u00f3fobo o difamatorio.<\/li>\n<li>Cracks, software serial numbers or any other content that infringes the intellectual property rights of third parties.<\/li>\n<li>The collection and\/or use of personal data of other users without their express consent or in contravention of the provisions of Regulation (EU) 2016\/679 of the European Parliament and of the Council of 27 April 2016 on the protection of natural persons with regard to the processing of personal data and on the free movement of such data.<\/li>\n<li>The use of the domain's mail server and e-mail addresses for sending unsolicited bulk e-mail.<\/li>\n<\/ol>\n<p>The user bears full responsibility for the content of his website, transmitted and stored information, hypertext links, third party claims and legal actions with reference to intellectual property, third party rights and protection of minors.<\/p>\n<p>The user is responsible for compliance with the laws and regulations in force and the rules concerning the operation of the online service, e-commerce, copyright, maintenance of public order, as well as universal principles of Internet use.<\/p>\n<p>El usuario indemnizar\u00e1 a Certificagreen&nbsp;por los gastos que generara la imputaci\u00f3n de Certificagreen&nbsp;en alguna causa cuya responsabilidad fuera atribuible al usuario, incluidos honorarios y gastos de defensa jur\u00eddica, incluso en el caso de una decisi\u00f3n judicial no definitiva.<\/p>\n<h5>Protection of hosted information<\/h5>\n<p><span style=\"color: var( --e-global-color-text );\">Certificagreen<\/span>&nbsp;realiza copias de seguridad de los contenidos alojados en sus servidores, sin embargo no se responsabiliza de la p\u00e9rdida o el borrado accidental de los datos por parte de los usuarios. De igual manera, no garantiza la reposici\u00f3n total de los datos borrados por los usuarios, ya que los citados datos podr\u00edan haber sido suprimidos y\/o modificados durante el periodo del tiempo transcurrido desde la \u00faltima copia de seguridad.<\/p>\n<p>Los servicios ofertados, excepto los servicios espec\u00edficos de backup, no incluyen la reposici\u00f3n de los contenidos conservados en las copias de seguridad realizadas por Certificagreen, cuando esta p\u00e9rdida sea imputable al usuario; en este caso, se determinar\u00e1 una tarifa acorde a la complejidad y volumen de la recuperaci\u00f3n, siempre previa aceptaci\u00f3n del usuario.<\/p>\n<p>La reposici\u00f3n de datos borrados s\u00f3lo est\u00e1 incluida en el precio del servicio cuando la p\u00e9rdida del contenido sea debida a causas atribuibles a Certificagreen.<\/p>\n<h5>Commercial communications<\/h5>\n<p>En aplicaci\u00f3n de la LSSI. Certificagreen&nbsp;no enviar\u00e1 comunicaciones publicitarias o promocionales por correo electr\u00f3nico u otro medio de comunicaci\u00f3n electr\u00f3nica equivalente que previamente no hubieran sido solicitadas o expresamente autorizadas por los destinatarios de las mismas.<\/p>\n<p>En el caso de usuarios con los que exista una relaci\u00f3n contractual previa, Certificagreen&nbsp;s\u00ed est\u00e1 autorizado al env\u00edo de comunicaciones comerciales referentes a productos o servicios de Certificagreen&nbsp;que sean similares a los que inicialmente fueron objeto de contrataci\u00f3n con el cliente.<\/p>\n<p>In any case, the user, after proving his or her identity, may request that no further commercial information be sent to him or her through the Customer Service channels.<\/p>\t\t\t\t\t\t\t\t<\/div>\n\t\t\t\t<\/div>\n\t\t\t\t\t<\/div>\n\t\t<\/div>\n\t\t\t\t\t<\/div>\n\t\t<\/section>\n\t\t\t\t<\/div>","protected":false},"excerpt":{"rendered":"<p>Protecci\u00f3n de datos de car\u00e1cter personal seg\u00fan el RGPD Certificagreen, en aplicaci\u00f3n de la normativa vigente en materia de protecci\u00f3n de datos de car\u00e1cter personal, informa que los datos personales que se recogen a trav\u00e9s de los formularios del Sitio web: https:\/\/certificagreen.com\/, se incluyen en los ficheros automatizados espec\u00edficos de usuarios de los servicios de&nbsp;Certificagreen [&hellip;]<\/p>","protected":false},"author":1,"featured_media":0,"parent":0,"menu_order":0,"comment_status":"closed","ping_status":"closed","template":"","meta":{"footnotes":""},"class_list":["post-3","page","type-page","status-publish","hentry"],"yoast_head":"<!-- This site is optimized with the Yoast SEO plugin v26.8 - https:\/\/yoast.com\/product\/yoast-seo-wordpress\/ -->\n<title>Pol\u00edtica de privacidad &#8212; CertificaGreen<\/title>\n<meta name=\"description\" content=\"Pol\u00edtica de privacidad &#8212; CertificaGreen\" \/>\n<meta name=\"robots\" content=\"noindex, nofollow\" \/>\n<meta property=\"og:locale\" content=\"en_GB\" \/>\n<meta property=\"og:type\" content=\"article\" \/>\n<meta property=\"og:title\" content=\"Pol\u00edtica de privacidad &#8212; CertificaGreen\" \/>\n<meta property=\"og:description\" content=\"Pol\u00edtica de privacidad &#8212; CertificaGreen\" \/>\n<meta property=\"og:url\" content=\"https:\/\/certificagreen.com\/en\/privacy-policy\/\" \/>\n<meta property=\"og:site_name\" content=\"CertificaGreen\" \/>\n<meta property=\"article:modified_time\" content=\"2024-11-29T13:39:58+00:00\" \/>\n<meta name=\"twitter:card\" content=\"summary_large_image\" \/>\n<meta name=\"twitter:label1\" content=\"Estimated reading time\" \/>\n\t<meta name=\"twitter:data1\" content=\"7 minutes\" \/>\n<script type=\"application\/ld+json\" class=\"yoast-schema-graph\">{\"@context\":\"https:\/\/schema.org\",\"@graph\":[{\"@type\":\"WebPage\",\"@id\":\"https:\/\/certificagreen.com\/politica-de-privacidad\/\",\"url\":\"https:\/\/certificagreen.com\/politica-de-privacidad\/\",\"name\":\"Pol\u00edtica de privacidad &#8212; CertificaGreen\",\"isPartOf\":{\"@id\":\"https:\/\/certificagreen.com\/#website\"},\"datePublished\":\"2022-01-10T12:48:14+00:00\",\"dateModified\":\"2024-11-29T13:39:58+00:00\",\"description\":\"Pol\u00edtica de privacidad &#8212; CertificaGreen\",\"breadcrumb\":{\"@id\":\"https:\/\/certificagreen.com\/politica-de-privacidad\/#breadcrumb\"},\"inLanguage\":\"en-GB\",\"potentialAction\":[{\"@type\":\"ReadAction\",\"target\":[\"https:\/\/certificagreen.com\/politica-de-privacidad\/\"]}]},{\"@type\":\"BreadcrumbList\",\"@id\":\"https:\/\/certificagreen.com\/politica-de-privacidad\/#breadcrumb\",\"itemListElement\":[{\"@type\":\"ListItem\",\"position\":1,\"name\":\"Portada\",\"item\":\"https:\/\/certificagreen.com\/\"},{\"@type\":\"ListItem\",\"position\":2,\"name\":\"Pol\u00edtica de privacidad\"}]},{\"@type\":\"WebSite\",\"@id\":\"https:\/\/certificagreen.com\/#website\",\"url\":\"https:\/\/certificagreen.com\/\",\"name\":\"CertificaGreen\",\"description\":\"Tus tr\u00e1mites y licencias en buenas manos\",\"publisher\":{\"@id\":\"https:\/\/certificagreen.com\/#organization\"},\"potentialAction\":[{\"@type\":\"SearchAction\",\"target\":{\"@type\":\"EntryPoint\",\"urlTemplate\":\"https:\/\/certificagreen.com\/?s={search_term_string}\"},\"query-input\":{\"@type\":\"PropertyValueSpecification\",\"valueRequired\":true,\"valueName\":\"search_term_string\"}}],\"inLanguage\":\"en-GB\"},{\"@type\":\"Organization\",\"@id\":\"https:\/\/certificagreen.com\/#organization\",\"name\":\"CertificaGreen\",\"url\":\"https:\/\/certificagreen.com\/\",\"logo\":{\"@type\":\"ImageObject\",\"inLanguage\":\"en-GB\",\"@id\":\"https:\/\/certificagreen.com\/#\/schema\/logo\/image\/\",\"url\":\"https:\/\/certificagreen.com\/wp-content\/uploads\/logo-certifica-green.svg\",\"contentUrl\":\"https:\/\/certificagreen.com\/wp-content\/uploads\/logo-certifica-green.svg\",\"width\":433,\"height\":202,\"caption\":\"CertificaGreen\"},\"image\":{\"@id\":\"https:\/\/certificagreen.com\/#\/schema\/logo\/image\/\"}}]}<\/script>\n<!-- \/ Yoast SEO plugin. -->","yoast_head_json":{"title":"Privacy policy - CertificaGreen","description":"Privacy policy - CertificaGreen","robots":{"index":"noindex","follow":"nofollow"},"og_locale":"en_GB","og_type":"article","og_title":"Pol\u00edtica de privacidad &#8212; CertificaGreen","og_description":"Pol\u00edtica de privacidad &#8212; CertificaGreen","og_url":"https:\/\/certificagreen.com\/en\/privacy-policy\/","og_site_name":"CertificaGreen","article_modified_time":"2024-11-29T13:39:58+00:00","twitter_card":"summary_large_image","twitter_misc":{"Estimated reading time":"7 minutes"},"schema":{"@context":"https:\/\/schema.org","@graph":[{"@type":"WebPage","@id":"https:\/\/certificagreen.com\/politica-de-privacidad\/","url":"https:\/\/certificagreen.com\/politica-de-privacidad\/","name":"Privacy policy - CertificaGreen","isPartOf":{"@id":"https:\/\/certificagreen.com\/#website"},"datePublished":"2022-01-10T12:48:14+00:00","dateModified":"2024-11-29T13:39:58+00:00","description":"Privacy policy - CertificaGreen","breadcrumb":{"@id":"https:\/\/certificagreen.com\/politica-de-privacidad\/#breadcrumb"},"inLanguage":"en-GB","potentialAction":[{"@type":"ReadAction","target":["https:\/\/certificagreen.com\/politica-de-privacidad\/"]}]},{"@type":"BreadcrumbList","@id":"https:\/\/certificagreen.com\/politica-de-privacidad\/#breadcrumb","itemListElement":[{"@type":"ListItem","position":1,"name":"Portada","item":"https:\/\/certificagreen.com\/"},{"@type":"ListItem","position":2,"name":"Pol\u00edtica de privacidad"}]},{"@type":"WebSite","@id":"https:\/\/certificagreen.com\/#website","url":"https:\/\/certificagreen.com\/","name":"CertificaGreen","description":"Your paperwork and licences in safe hands","publisher":{"@id":"https:\/\/certificagreen.com\/#organization"},"potentialAction":[{"@type":"SearchAction","target":{"@type":"EntryPoint","urlTemplate":"https:\/\/certificagreen.com\/?s={search_term_string}"},"query-input":{"@type":"PropertyValueSpecification","valueRequired":true,"valueName":"search_term_string"}}],"inLanguage":"en-GB"},{"@type":"Organization","@id":"https:\/\/certificagreen.com\/#organization","name":"CertificaGreen","url":"https:\/\/certificagreen.com\/","logo":{"@type":"ImageObject","inLanguage":"en-GB","@id":"https:\/\/certificagreen.com\/#\/schema\/logo\/image\/","url":"https:\/\/certificagreen.com\/wp-content\/uploads\/logo-certifica-green.svg","contentUrl":"https:\/\/certificagreen.com\/wp-content\/uploads\/logo-certifica-green.svg","width":433,"height":202,"caption":"CertificaGreen"},"image":{"@id":"https:\/\/certificagreen.com\/#\/schema\/logo\/image\/"}}]}},"_links":{"self":[{"href":"https:\/\/certificagreen.com\/en\/wp-json\/wp\/v2\/pages\/3","targetHints":{"allow":["GET"]}}],"collection":[{"href":"https:\/\/certificagreen.com\/en\/wp-json\/wp\/v2\/pages"}],"about":[{"href":"https:\/\/certificagreen.com\/en\/wp-json\/wp\/v2\/types\/page"}],"author":[{"embeddable":true,"href":"https:\/\/certificagreen.com\/en\/wp-json\/wp\/v2\/users\/1"}],"replies":[{"embeddable":true,"href":"https:\/\/certificagreen.com\/en\/wp-json\/wp\/v2\/comments?post=3"}],"version-history":[{"count":12,"href":"https:\/\/certificagreen.com\/en\/wp-json\/wp\/v2\/pages\/3\/revisions"}],"predecessor-version":[{"id":915,"href":"https:\/\/certificagreen.com\/en\/wp-json\/wp\/v2\/pages\/3\/revisions\/915"}],"wp:attachment":[{"href":"https:\/\/certificagreen.com\/en\/wp-json\/wp\/v2\/media?parent=3"}],"curies":[{"name":"wp","href":"https:\/\/api.w.org\/{rel}","templated":true}]}}