{"id":23,"date":"2022-01-10T14:14:48","date_gmt":"2022-01-10T13:14:48","guid":{"rendered":"https:\/\/certificagreen.com\/?page_id=23"},"modified":"2024-11-29T14:36:02","modified_gmt":"2024-11-29T13:36:02","slug":"legal-notice","status":"publish","type":"page","link":"https:\/\/certificagreen.com\/en\/legal-notice\/","title":{"rendered":"Legal notice"},"content":{"rendered":"<div data-elementor-type=\"wp-page\" data-elementor-id=\"23\" class=\"elementor elementor-23\" data-elementor-post-type=\"page\">\n\t\t\t\t\t\t<section class=\"elementor-section elementor-top-section elementor-element elementor-element-b16fc68 elementor-section-height-min-height elementor-section-boxed elementor-section-height-default elementor-section-items-middle\" data-id=\"b16fc68\" data-element_type=\"section\">\n\t\t\t\t\t\t<div class=\"elementor-container elementor-column-gap-default\">\n\t\t\t\t\t<div class=\"elementor-column elementor-col-100 elementor-top-column elementor-element elementor-element-f4d53e6\" data-id=\"f4d53e6\" data-element_type=\"column\">\n\t\t\t<div class=\"elementor-widget-wrap elementor-element-populated\">\n\t\t\t\t\t\t\t<\/div>\n\t\t<\/div>\n\t\t\t\t\t<\/div>\n\t\t<\/section>\n\t\t\t\t<section class=\"elementor-section elementor-top-section elementor-element elementor-element-eea3ba5 elementor-section-boxed elementor-section-height-default elementor-section-height-default\" data-id=\"eea3ba5\" data-element_type=\"section\">\n\t\t\t\t\t\t<div class=\"elementor-container elementor-column-gap-default\">\n\t\t\t\t\t<div class=\"elementor-column elementor-col-100 elementor-top-column elementor-element elementor-element-531535f\" data-id=\"531535f\" data-element_type=\"column\">\n\t\t\t<div class=\"elementor-widget-wrap elementor-element-populated\">\n\t\t\t\t\t\t<div class=\"elementor-element elementor-element-2fee8fb elementor-widget elementor-widget-text-editor\" data-id=\"2fee8fb\" data-element_type=\"widget\" data-widget_type=\"text-editor.default\">\n\t\t\t\t<div class=\"elementor-widget-container\">\n\t\t\t\t\t\t\t\t\t<p>In compliance with the duty of information contained in article 10 of Law 34\/2002, of 11 July, on Information Society Services and Electronic Commerce (LSSICE), the owner of the website informs you of the following:<\/p>\n<ul>\n<li>Denominaci\u00f3n social: Certificagreen proyectos de ingenier\u00eda S.L.<\/li>\n<li>NIF:&nbsp;B86762507<\/li>\n<li>Domicilio:&nbsp;Calle via, 57 &#8211; piso 2 c, Madrid, 28019, Madrid<\/li>\n<li>Standards:&nbsp;<\/li>\n<li>Link query:&nbsp;<\/li>\n<\/ul>\n<p>Con los l\u00edmites establecidos en la ley, Certificagreen&nbsp;no asume ninguna responsabilidad derivada de la falta de veracidad, integridad, actualizaci\u00f3n y precisi\u00f3n de los datos o informaciones que contienen sus p\u00e1ginas web.<\/p>\n<p>Los contenidos e informaci\u00f3n no vinculan a Certificagreen&nbsp;ni constituyen opiniones, consejos o asesoramiento legal de ning\u00fan tipo pues se trata meramente de un servicio ofrecido con car\u00e1cter informativo y divulgativo.<\/p>\n<p>Las p\u00e1ginas de Internet de Certificagreenpueden contener enlaces (links) a otras p\u00e1ginas de terceras partes que Certificagreen&nbsp;no puede controlar. Por lo tanto, Certificagreen&nbsp;no puede asumir responsabilidades por el contenido que pueda aparecer en p\u00e1ginas de terceros.<\/p>\n<p>Los textos, im\u00e1genes, sonidos, animaciones, software y el resto de contenidos incluidos en este website son propiedad exclusiva de Certificagreen&nbsp;o sus licenciantes. Cualquier acto de transmisi\u00f3n, distribuci\u00f3n, cesi\u00f3n, reproducci\u00f3n, almacenamiento o comunicaci\u00f3n p\u00fablica total o parcial, deber\u00e1 contar con el consentimiento expreso de Certificagreen.<\/p>\n<p>Asimismo, para acceder a algunos de los servicios que Certificagreen&nbsp;ofrece a trav\u00e9s del sitio web, deber\u00e1 proporcionar algunos datos de car\u00e1cter personal. En cumplimiento de lo establecido en el Reglamento (UE) 2016\/679 del Parlamento Europeo y del Consejo, de 27 de abril de 2016, relativo a la protecci\u00f3n de las personas f\u00edsicas en lo que respecta al tratamiento de datos personales y a la libre circulaci\u00f3n de estos datos le informamos que, mediante la cumplimentaci\u00f3n de los presentes formularios, sus datos personales quedar\u00e1n incorporados y ser\u00e1n tratados en los ficheros de Certificagreen&nbsp;con el fin de poderle prestar y ofrecer nuestros servicios as\u00ed como para informarle de las mejoras del sitio Web.<\/p>\n<p>Le informamos tambi\u00e9n de que tendr\u00e1 la posibilidad en todo momento de ejercer los derechos de acceso, rectificaci\u00f3n, cancelaci\u00f3n, oposici\u00f3n, limitaci\u00f3n y portabilidad de sus datos de car\u00e1cter personal, de manera gratuita mediante email a:info@certificagreen.com o en la direcci\u00f3n:&nbsp;<span style=\"color: var( --e-global-color-text );\">Calle via, 57 &#8211; piso 2 c, Madrid, 28019, Madrid<\/span><\/p>\t\t\t\t\t\t\t\t<\/div>\n\t\t\t\t<\/div>\n\t\t\t\t\t<\/div>\n\t\t<\/div>\n\t\t\t\t\t<\/div>\n\t\t<\/section>\n\t\t\t\t<\/div>","protected":false},"excerpt":{"rendered":"<p>En cumplimiento con el deber de informaci\u00f3n recogido en art\u00edculo 10 de la Ley 34\/2002, de 11 de julio, de Servicios de la Sociedad de la Informaci\u00f3n y del Comercio Electr\u00f3nico (LSSICE), el propietario de la web , le informa de lo siguiente: Denominaci\u00f3n social: Certificagreen proyectos de ingenier\u00eda S.L. NIF:&nbsp;B86762507 Domicilio:&nbsp;Calle via, 57 &#8211; [&hellip;]<\/p>","protected":false},"author":1,"featured_media":0,"parent":0,"menu_order":0,"comment_status":"closed","ping_status":"closed","template":"","meta":{"footnotes":""},"class_list":["post-23","page","type-page","status-publish","hentry"],"yoast_head":"<!-- This site is optimized with the Yoast SEO plugin v26.8 - https:\/\/yoast.com\/product\/yoast-seo-wordpress\/ -->\n<title>Aviso legal &#8212; CertificaGreen<\/title>\n<meta name=\"description\" content=\"Aviso legal &#8212; CertificaGreen\" \/>\n<meta name=\"robots\" content=\"noindex, nofollow\" \/>\n<meta property=\"og:locale\" content=\"en_GB\" \/>\n<meta property=\"og:type\" content=\"article\" \/>\n<meta property=\"og:title\" content=\"Aviso legal &#8212; CertificaGreen\" \/>\n<meta property=\"og:description\" content=\"Aviso legal &#8212; CertificaGreen\" \/>\n<meta property=\"og:url\" content=\"https:\/\/certificagreen.com\/en\/legal-notice\/\" \/>\n<meta property=\"og:site_name\" content=\"CertificaGreen\" \/>\n<meta property=\"article:modified_time\" content=\"2024-11-29T13:36:02+00:00\" \/>\n<meta name=\"twitter:card\" content=\"summary_large_image\" \/>\n<meta name=\"twitter:label1\" content=\"Estimated reading time\" \/>\n\t<meta name=\"twitter:data1\" content=\"2 minutes\" \/>\n<script type=\"application\/ld+json\" class=\"yoast-schema-graph\">{\"@context\":\"https:\/\/schema.org\",\"@graph\":[{\"@type\":\"WebPage\",\"@id\":\"https:\/\/certificagreen.com\/aviso-legal\/\",\"url\":\"https:\/\/certificagreen.com\/aviso-legal\/\",\"name\":\"Aviso legal &#8212; CertificaGreen\",\"isPartOf\":{\"@id\":\"https:\/\/certificagreen.com\/#website\"},\"datePublished\":\"2022-01-10T13:14:48+00:00\",\"dateModified\":\"2024-11-29T13:36:02+00:00\",\"description\":\"Aviso legal &#8212; CertificaGreen\",\"breadcrumb\":{\"@id\":\"https:\/\/certificagreen.com\/aviso-legal\/#breadcrumb\"},\"inLanguage\":\"en-GB\",\"potentialAction\":[{\"@type\":\"ReadAction\",\"target\":[\"https:\/\/certificagreen.com\/aviso-legal\/\"]}]},{\"@type\":\"BreadcrumbList\",\"@id\":\"https:\/\/certificagreen.com\/aviso-legal\/#breadcrumb\",\"itemListElement\":[{\"@type\":\"ListItem\",\"position\":1,\"name\":\"Portada\",\"item\":\"https:\/\/certificagreen.com\/\"},{\"@type\":\"ListItem\",\"position\":2,\"name\":\"Aviso legal\"}]},{\"@type\":\"WebSite\",\"@id\":\"https:\/\/certificagreen.com\/#website\",\"url\":\"https:\/\/certificagreen.com\/\",\"name\":\"CertificaGreen\",\"description\":\"Tus tr\u00e1mites y licencias en buenas manos\",\"publisher\":{\"@id\":\"https:\/\/certificagreen.com\/#organization\"},\"potentialAction\":[{\"@type\":\"SearchAction\",\"target\":{\"@type\":\"EntryPoint\",\"urlTemplate\":\"https:\/\/certificagreen.com\/?s={search_term_string}\"},\"query-input\":{\"@type\":\"PropertyValueSpecification\",\"valueRequired\":true,\"valueName\":\"search_term_string\"}}],\"inLanguage\":\"en-GB\"},{\"@type\":\"Organization\",\"@id\":\"https:\/\/certificagreen.com\/#organization\",\"name\":\"CertificaGreen\",\"url\":\"https:\/\/certificagreen.com\/\",\"logo\":{\"@type\":\"ImageObject\",\"inLanguage\":\"en-GB\",\"@id\":\"https:\/\/certificagreen.com\/#\/schema\/logo\/image\/\",\"url\":\"https:\/\/certificagreen.com\/wp-content\/uploads\/logo-certifica-green.svg\",\"contentUrl\":\"https:\/\/certificagreen.com\/wp-content\/uploads\/logo-certifica-green.svg\",\"width\":433,\"height\":202,\"caption\":\"CertificaGreen\"},\"image\":{\"@id\":\"https:\/\/certificagreen.com\/#\/schema\/logo\/image\/\"}}]}<\/script>\n<!-- \/ Yoast SEO plugin. -->","yoast_head_json":{"title":"Legal Notice - CertificaGreen","description":"Legal Notice - CertificaGreen","robots":{"index":"noindex","follow":"nofollow"},"og_locale":"en_GB","og_type":"article","og_title":"Aviso legal &#8212; CertificaGreen","og_description":"Aviso legal &#8212; CertificaGreen","og_url":"https:\/\/certificagreen.com\/en\/legal-notice\/","og_site_name":"CertificaGreen","article_modified_time":"2024-11-29T13:36:02+00:00","twitter_card":"summary_large_image","twitter_misc":{"Estimated reading time":"2 minutes"},"schema":{"@context":"https:\/\/schema.org","@graph":[{"@type":"WebPage","@id":"https:\/\/certificagreen.com\/aviso-legal\/","url":"https:\/\/certificagreen.com\/aviso-legal\/","name":"Legal Notice - CertificaGreen","isPartOf":{"@id":"https:\/\/certificagreen.com\/#website"},"datePublished":"2022-01-10T13:14:48+00:00","dateModified":"2024-11-29T13:36:02+00:00","description":"Legal Notice - CertificaGreen","breadcrumb":{"@id":"https:\/\/certificagreen.com\/aviso-legal\/#breadcrumb"},"inLanguage":"en-GB","potentialAction":[{"@type":"ReadAction","target":["https:\/\/certificagreen.com\/aviso-legal\/"]}]},{"@type":"BreadcrumbList","@id":"https:\/\/certificagreen.com\/aviso-legal\/#breadcrumb","itemListElement":[{"@type":"ListItem","position":1,"name":"Portada","item":"https:\/\/certificagreen.com\/"},{"@type":"ListItem","position":2,"name":"Aviso legal"}]},{"@type":"WebSite","@id":"https:\/\/certificagreen.com\/#website","url":"https:\/\/certificagreen.com\/","name":"CertificaGreen","description":"Your paperwork and licences in safe hands","publisher":{"@id":"https:\/\/certificagreen.com\/#organization"},"potentialAction":[{"@type":"SearchAction","target":{"@type":"EntryPoint","urlTemplate":"https:\/\/certificagreen.com\/?s={search_term_string}"},"query-input":{"@type":"PropertyValueSpecification","valueRequired":true,"valueName":"search_term_string"}}],"inLanguage":"en-GB"},{"@type":"Organization","@id":"https:\/\/certificagreen.com\/#organization","name":"CertificaGreen","url":"https:\/\/certificagreen.com\/","logo":{"@type":"ImageObject","inLanguage":"en-GB","@id":"https:\/\/certificagreen.com\/#\/schema\/logo\/image\/","url":"https:\/\/certificagreen.com\/wp-content\/uploads\/logo-certifica-green.svg","contentUrl":"https:\/\/certificagreen.com\/wp-content\/uploads\/logo-certifica-green.svg","width":433,"height":202,"caption":"CertificaGreen"},"image":{"@id":"https:\/\/certificagreen.com\/#\/schema\/logo\/image\/"}}]}},"_links":{"self":[{"href":"https:\/\/certificagreen.com\/en\/wp-json\/wp\/v2\/pages\/23","targetHints":{"allow":["GET"]}}],"collection":[{"href":"https:\/\/certificagreen.com\/en\/wp-json\/wp\/v2\/pages"}],"about":[{"href":"https:\/\/certificagreen.com\/en\/wp-json\/wp\/v2\/types\/page"}],"author":[{"embeddable":true,"href":"https:\/\/certificagreen.com\/en\/wp-json\/wp\/v2\/users\/1"}],"replies":[{"embeddable":true,"href":"https:\/\/certificagreen.com\/en\/wp-json\/wp\/v2\/comments?post=23"}],"version-history":[{"count":16,"href":"https:\/\/certificagreen.com\/en\/wp-json\/wp\/v2\/pages\/23\/revisions"}],"predecessor-version":[{"id":912,"href":"https:\/\/certificagreen.com\/en\/wp-json\/wp\/v2\/pages\/23\/revisions\/912"}],"wp:attachment":[{"href":"https:\/\/certificagreen.com\/en\/wp-json\/wp\/v2\/media?parent=23"}],"curies":[{"name":"wp","href":"https:\/\/api.w.org\/{rel}","templated":true}]}}