{"id":226,"date":"2022-01-17T13:21:39","date_gmt":"2022-01-17T12:21:39","guid":{"rendered":"https:\/\/certificagreen.com\/?page_id=226"},"modified":"2022-03-17T12:11:56","modified_gmt":"2022-03-17T11:11:56","slug":"activity-licence","status":"publish","type":"page","link":"https:\/\/certificagreen.com\/en\/activity-licence\/","title":{"rendered":"Activity licence"},"content":{"rendered":"<div data-elementor-type=\"wp-page\" data-elementor-id=\"226\" class=\"elementor elementor-226\" data-elementor-post-type=\"page\">\n\t\t\t\t\t\t<section class=\"elementor-section elementor-top-section elementor-element elementor-element-9756bc9 elementor-section-height-min-height elementor-section-boxed elementor-section-height-default elementor-section-items-middle\" data-id=\"9756bc9\" data-element_type=\"section\" data-e-type=\"section\" data-settings=\"{&quot;background_background&quot;:&quot;classic&quot;}\">\n\t\t\t\t\t\t\t<div class=\"elementor-background-overlay\"><\/div>\n\t\t\t\t\t\t\t<div class=\"elementor-container elementor-column-gap-default\">\n\t\t\t\t\t<div class=\"elementor-column elementor-col-100 elementor-top-column elementor-element elementor-element-4a37419\" data-id=\"4a37419\" data-element_type=\"column\" data-e-type=\"column\">\n\t\t\t<div class=\"elementor-widget-wrap elementor-element-populated\">\n\t\t\t\t\t\t<div class=\"elementor-element elementor-element-1cf9578 elementor-widget elementor-widget-heading\" data-id=\"1cf9578\" data-element_type=\"widget\" data-e-type=\"widget\" data-widget_type=\"heading.default\">\n\t\t\t\t<div class=\"elementor-widget-container\">\n\t\t\t\t\t<h1 class=\"elementor-heading-title elementor-size-default\">Activity licence<\/h1>\t\t\t\t<\/div>\n\t\t\t\t<\/div>\n\t\t\t\t<div class=\"elementor-element elementor-element-007c82a elementor-widget elementor-widget-heading\" data-id=\"007c82a\" data-element_type=\"widget\" data-e-type=\"widget\" data-widget_type=\"heading.default\">\n\t\t\t\t<div class=\"elementor-widget-container\">\n\t\t\t\t\t<h2 class=\"elementor-heading-title elementor-size-default\">SPECIALISED TECHNICAL ARCHITECTS<\/h2>\t\t\t\t<\/div>\n\t\t\t\t<\/div>\n\t\t\t\t\t<\/div>\n\t\t<\/div>\n\t\t\t\t\t<\/div>\n\t\t<\/section>\n\t\t\t\t<section class=\"elementor-section elementor-top-section elementor-element elementor-element-60a2c36 elementor-section-boxed elementor-section-height-default elementor-section-height-default\" data-id=\"60a2c36\" data-element_type=\"section\" data-e-type=\"section\">\n\t\t\t\t\t\t<div class=\"elementor-container elementor-column-gap-default\">\n\t\t\t\t\t<div class=\"elementor-column elementor-col-100 elementor-top-column elementor-element elementor-element-4b48f17\" data-id=\"4b48f17\" data-element_type=\"column\" data-e-type=\"column\">\n\t\t\t<div class=\"elementor-widget-wrap elementor-element-populated\">\n\t\t\t\t\t\t<div class=\"elementor-element elementor-element-2159281 elementor-align-start elementor-mobile-align-start elementor-icon-list--layout-traditional elementor-list-item-link-full_width elementor-widget elementor-widget-icon-list\" data-id=\"2159281\" data-element_type=\"widget\" data-e-type=\"widget\" data-widget_type=\"icon-list.default\">\n\t\t\t\t<div class=\"elementor-widget-container\">\n\t\t\t\t\t\t\t<ul class=\"elementor-icon-list-items\">\n\t\t\t\t\t\t\t<li class=\"elementor-icon-list-item\">\n\t\t\t\t\t\t\t\t\t\t\t<span class=\"elementor-icon-list-icon\">\n\t\t\t\t\t\t\t<i aria-hidden=\"true\" class=\"fas fa-check\"><\/i>\t\t\t\t\t\t<\/span>\n\t\t\t\t\t\t\t\t\t\t<span class=\"elementor-icon-list-text\">Immediate response within 24 hours<\/span>\n\t\t\t\t\t\t\t\t\t<\/li>\n\t\t\t\t\t\t\t\t<li class=\"elementor-icon-list-item\">\n\t\t\t\t\t\t\t\t\t\t\t<span class=\"elementor-icon-list-icon\">\n\t\t\t\t\t\t\t<i aria-hidden=\"true\" class=\"fas fa-check\"><\/i>\t\t\t\t\t\t<\/span>\n\t\t\t\t\t\t\t\t\t\t<span class=\"elementor-icon-list-text\">A team of experts made up of registered technical architects<\/span>\n\t\t\t\t\t\t\t\t\t<\/li>\n\t\t\t\t\t\t\t\t<li class=\"elementor-icon-list-item\">\n\t\t\t\t\t\t\t\t\t\t\t<span class=\"elementor-icon-list-icon\">\n\t\t\t\t\t\t\t<i aria-hidden=\"true\" class=\"fas fa-check\"><\/i>\t\t\t\t\t\t<\/span>\n\t\t\t\t\t\t\t\t\t\t<span class=\"elementor-icon-list-text\">No obligation assessment and quotation<\/span>\n\t\t\t\t\t\t\t\t\t<\/li>\n\t\t\t\t\t\t\t\t<li class=\"elementor-icon-list-item\">\n\t\t\t\t\t\t\t\t\t\t\t<span class=\"elementor-icon-list-icon\">\n\t\t\t\t\t\t\t<i aria-hidden=\"true\" class=\"fas fa-check\"><\/i>\t\t\t\t\t\t<\/span>\n\t\t\t\t\t\t\t\t\t\t<span class=\"elementor-icon-list-text\">Excellent value for money<\/span>\n\t\t\t\t\t\t\t\t\t<\/li>\n\t\t\t\t\t\t\t\t<li class=\"elementor-icon-list-item\">\n\t\t\t\t\t\t\t\t\t\t\t<span class=\"elementor-icon-list-icon\">\n\t\t\t\t\t\t\t<i aria-hidden=\"true\" class=\"fas fa-check\"><\/i>\t\t\t\t\t\t<\/span>\n\t\t\t\t\t\t\t\t\t\t<span class=\"elementor-icon-list-text\">Carried out with the ECU STT of COAATM Madrid<\/span>\n\t\t\t\t\t\t\t\t\t<\/li>\n\t\t\t\t\t\t<\/ul>\n\t\t\t\t\t\t<\/div>\n\t\t\t\t<\/div>\n\t\t\t\t\t<\/div>\n\t\t<\/div>\n\t\t\t\t\t<\/div>\n\t\t<\/section>\n\t\t\t\t<section class=\"elementor-section elementor-top-section elementor-element elementor-element-f1bea6c elementor-section-boxed elementor-section-height-default elementor-section-height-default\" data-id=\"f1bea6c\" data-element_type=\"section\" data-e-type=\"section\">\n\t\t\t\t\t\t<div class=\"elementor-container elementor-column-gap-default\">\n\t\t\t\t\t<div class=\"elementor-column elementor-col-100 elementor-top-column elementor-element elementor-element-ec5b00d\" data-id=\"ec5b00d\" data-element_type=\"column\" data-e-type=\"column\">\n\t\t\t<div class=\"elementor-widget-wrap elementor-element-populated\">\n\t\t\t\t\t\t<div class=\"elementor-element elementor-element-66a9c6f elementor-widget elementor-widget-text-editor\" data-id=\"66a9c6f\" data-element_type=\"widget\" data-e-type=\"widget\" data-widget_type=\"text-editor.default\">\n\t\t\t\t<div class=\"elementor-widget-container\">\n\t\t\t\t\t\t\t\t\t<p>The<strong> opening licence or activity licence, <\/strong>This is a document issued by the relevant municipality and given to the entrepreneur, whereby <strong>it is established that the said premises are fit and safe for use.<\/strong><\/p>\t\t\t\t\t\t\t\t<\/div>\n\t\t\t\t<\/div>\n\t\t\t\t<div class=\"elementor-element elementor-element-2392e36 elementor-widget-divider--view-line elementor-widget elementor-widget-divider\" data-id=\"2392e36\" data-element_type=\"widget\" data-e-type=\"widget\" data-widget_type=\"divider.default\">\n\t\t\t\t<div class=\"elementor-widget-container\">\n\t\t\t\t\t\t\t<div class=\"elementor-divider\">\n\t\t\t<span class=\"elementor-divider-separator\">\n\t\t\t\t\t\t<\/span>\n\t\t<\/div>\n\t\t\t\t\t\t<\/div>\n\t\t\t\t<\/div>\n\t\t\t\t<div class=\"elementor-element elementor-element-71f3a7f elementor-widget elementor-widget-heading\" data-id=\"71f3a7f\" data-element_type=\"widget\" data-e-type=\"widget\" data-widget_type=\"heading.default\">\n\t\t\t\t<div class=\"elementor-widget-container\">\n\t\t\t\t\t<h2 class=\"elementor-heading-title elementor-size-default\">How we perform this service<\/h2>\t\t\t\t<\/div>\n\t\t\t\t<\/div>\n\t\t\t\t<div class=\"elementor-element elementor-element-468f78a elementor-widget elementor-widget-text-editor\" data-id=\"468f78a\" data-element_type=\"widget\" data-e-type=\"widget\" data-widget_type=\"text-editor.default\">\n\t\t\t\t<div class=\"elementor-widget-container\">\n\t\t\t\t\t\t\t\t\t<ol><li>Initial assessment and feasibility visit.<\/li><li>Study of different possibilities according to technical code regulations.<\/li><li>Drawing up plans, specifications and all the necessary documentation.<\/li><li>Submission of all documentation within 15-30 days for OSH review.<\/li><li>Obtaining the certificate of suitability.\u00a0<\/li><\/ol>\t\t\t\t\t\t\t\t<\/div>\n\t\t\t\t<\/div>\n\t\t\t\t<div class=\"elementor-element elementor-element-615200c elementor-widget-divider--view-line elementor-widget elementor-widget-divider\" data-id=\"615200c\" data-element_type=\"widget\" data-e-type=\"widget\" data-widget_type=\"divider.default\">\n\t\t\t\t<div class=\"elementor-widget-container\">\n\t\t\t\t\t\t\t<div class=\"elementor-divider\">\n\t\t\t<span class=\"elementor-divider-separator\">\n\t\t\t\t\t\t<\/span>\n\t\t<\/div>\n\t\t\t\t\t\t<\/div>\n\t\t\t\t<\/div>\n\t\t\t\t<div class=\"elementor-element elementor-element-84d5413 elementor-widget elementor-widget-heading\" data-id=\"84d5413\" data-element_type=\"widget\" data-e-type=\"widget\" data-widget_type=\"heading.default\">\n\t\t\t\t<div class=\"elementor-widget-container\">\n\t\t\t\t\t<h2 class=\"elementor-heading-title elementor-size-default\">Licence types<\/h2>\t\t\t\t<\/div>\n\t\t\t\t<\/div>\n\t\t\t\t<div class=\"elementor-element elementor-element-aa76b87 elementor-widget elementor-widget-text-editor\" data-id=\"aa76b87\" data-element_type=\"widget\" data-e-type=\"widget\" data-widget_type=\"text-editor.default\">\n\t\t\t\t<div class=\"elementor-widget-container\">\n\t\t\t\t\t\t\t\t\t<p>There are two types of opening licences.<\/p><ul><li>Licences for <strong>harmless activities<\/strong>i.e. those which, due to their original activity, do not imply any risk for the community or for their employees: clothing shops, stationery shops, real estate businesses and others.<\/li><li>Licences for <strong>qualifying activities<\/strong>for those activities that cause any environmental disturbance (nuisance, health risk, pollution or danger...).<\/li><\/ul><p>\u00a0<\/p><p>All procedures are carried out through the procedure of Responsible Declaration for the commencement of activity and works.<\/p>\t\t\t\t\t\t\t\t<\/div>\n\t\t\t\t<\/div>\n\t\t\t\t<div class=\"elementor-element elementor-element-36c7b34 elementor-widget-divider--view-line elementor-widget elementor-widget-divider\" data-id=\"36c7b34\" data-element_type=\"widget\" data-e-type=\"widget\" data-widget_type=\"divider.default\">\n\t\t\t\t<div class=\"elementor-widget-container\">\n\t\t\t\t\t\t\t<div class=\"elementor-divider\">\n\t\t\t<span class=\"elementor-divider-separator\">\n\t\t\t\t\t\t<\/span>\n\t\t<\/div>\n\t\t\t\t\t\t<\/div>\n\t\t\t\t<\/div>\n\t\t\t\t<div class=\"elementor-element elementor-element-26b3f8d elementor-widget elementor-widget-heading\" data-id=\"26b3f8d\" data-element_type=\"widget\" data-e-type=\"widget\" data-widget_type=\"heading.default\">\n\t\t\t\t<div class=\"elementor-widget-container\">\n\t\t\t\t\t<h2 class=\"elementor-heading-title elementor-size-default\">Prices and payment<\/h2>\t\t\t\t<\/div>\n\t\t\t\t<\/div>\n\t\t\t\t<div class=\"elementor-element elementor-element-3cdb714 elementor-widget elementor-widget-text-editor\" data-id=\"3cdb714\" data-element_type=\"widget\" data-e-type=\"widget\" data-widget_type=\"text-editor.default\">\n\t\t\t\t<div class=\"elementor-widget-container\">\n\t\t\t\t\t\t\t\t\t<p>Tailor-made budget. Varies according to the activity and surface area of the property.\u00a0<\/p><p>Municipal taxes not included.\u00a0<\/p>\t\t\t\t\t\t\t\t<\/div>\n\t\t\t\t<\/div>\n\t\t\t\t<div class=\"elementor-element elementor-element-782e931 elementor-widget-divider--view-line elementor-widget elementor-widget-divider\" data-id=\"782e931\" data-element_type=\"widget\" data-e-type=\"widget\" data-widget_type=\"divider.default\">\n\t\t\t\t<div class=\"elementor-widget-container\">\n\t\t\t\t\t\t\t<div class=\"elementor-divider\">\n\t\t\t<span class=\"elementor-divider-separator\">\n\t\t\t\t\t\t<\/span>\n\t\t<\/div>\n\t\t\t\t\t\t<\/div>\n\t\t\t\t<\/div>\n\t\t\t\t<div class=\"elementor-element elementor-element-de7ae3d elementor-widget elementor-widget-heading\" data-id=\"de7ae3d\" data-element_type=\"widget\" data-e-type=\"widget\" data-widget_type=\"heading.default\">\n\t\t\t\t<div class=\"elementor-widget-container\">\n\t\t\t\t\t<h2 class=\"elementor-heading-title elementor-size-default\">What you need to know about business licences<\/h2>\t\t\t\t<\/div>\n\t\t\t\t<\/div>\n\t\t\t\t<div class=\"elementor-element elementor-element-704984f elementor-widget elementor-widget-text-editor\" data-id=\"704984f\" data-element_type=\"widget\" data-e-type=\"widget\" data-widget_type=\"text-editor.default\">\n\t\t\t\t<div class=\"elementor-widget-container\">\n\t\t\t\t\t\t\t\t\t<p>Opening licences in Madrid <strong>are issued only once<\/strong>They do not need to be renewed periodically.<\/p><p>You will only need a new licence if you decide to move to new premises or if you make changes to your premises.<\/p><p>Failure to do so may result in a municipal fine ranging from 150 to 6,000 euros, or the closure of the premises for an indefinite period of time.<\/p>\t\t\t\t\t\t\t\t<\/div>\n\t\t\t\t<\/div>\n\t\t\t\t\t<\/div>\n\t\t<\/div>\n\t\t\t\t\t<\/div>\n\t\t<\/section>\n\t\t\t\t<\/div>","protected":false},"excerpt":{"rendered":"<p>ARQUITECTOS T\u00c9CNICOS ESPECIALIZADOS Respuesta inmediata en 24 horas Equipo de expertos formado por arquitectos t\u00e9cnicos colegiados Valoraci\u00f3n y presupuesto sin compromiso Excelente relaci\u00f3n calidad-precio Realizado con la ECU STT del COAATM Madrid La licencia de apertura o licencia de actividad, se trata de un documento expedido por el ayuntamiento correspondiente y que se le otorga [&hellip;]<\/p>\n","protected":false},"author":1,"featured_media":0,"parent":0,"menu_order":0,"comment_status":"closed","ping_status":"closed","template":"","meta":{"footnotes":""},"class_list":["post-226","page","type-page","status-publish","hentry"],"yoast_head":"<!-- This site is optimized with the Yoast SEO plugin v27.5 - https:\/\/yoast.com\/product\/yoast-seo-wordpress\/ -->\n<title>Licencia de actividad &#8212; CertificaGreen<\/title>\n<meta name=\"description\" content=\"Licencia de actividad &#8212; CertificaGreen\" \/>\n<meta name=\"robots\" content=\"index, follow, max-snippet:-1, max-image-preview:large, max-video-preview:-1\" \/>\n<link rel=\"canonical\" href=\"https:\/\/certificagreen.com\/en\/activity-licence\/\" \/>\n<meta property=\"og:locale\" content=\"en_GB\" \/>\n<meta property=\"og:type\" content=\"article\" \/>\n<meta property=\"og:title\" content=\"Licencia de actividad &#8212; CertificaGreen\" \/>\n<meta property=\"og:description\" content=\"Licencia de actividad &#8212; CertificaGreen\" \/>\n<meta property=\"og:url\" content=\"https:\/\/certificagreen.com\/en\/activity-licence\/\" \/>\n<meta property=\"og:site_name\" content=\"CertificaGreen\" \/>\n<meta property=\"article:modified_time\" content=\"2022-03-17T11:11:56+00:00\" \/>\n<meta name=\"twitter:card\" content=\"summary_large_image\" \/>\n<meta name=\"twitter:label1\" content=\"Estimated reading time\" \/>\n\t<meta name=\"twitter:data1\" content=\"2 minutes\" \/>\n<script type=\"application\/ld+json\" class=\"yoast-schema-graph\">{\"@context\":\"https:\\\/\\\/schema.org\",\"@graph\":[{\"@type\":\"WebPage\",\"@id\":\"https:\\\/\\\/certificagreen.com\\\/licencia-de-actividad\\\/\",\"url\":\"https:\\\/\\\/certificagreen.com\\\/licencia-de-actividad\\\/\",\"name\":\"Licencia de actividad &#8212; CertificaGreen\",\"isPartOf\":{\"@id\":\"https:\\\/\\\/certificagreen.com\\\/#website\"},\"datePublished\":\"2022-01-17T12:21:39+00:00\",\"dateModified\":\"2022-03-17T11:11:56+00:00\",\"description\":\"Licencia de actividad &#8212; CertificaGreen\",\"breadcrumb\":{\"@id\":\"https:\\\/\\\/certificagreen.com\\\/licencia-de-actividad\\\/#breadcrumb\"},\"inLanguage\":\"en-GB\",\"potentialAction\":[{\"@type\":\"ReadAction\",\"target\":[\"https:\\\/\\\/certificagreen.com\\\/licencia-de-actividad\\\/\"]}]},{\"@type\":\"BreadcrumbList\",\"@id\":\"https:\\\/\\\/certificagreen.com\\\/licencia-de-actividad\\\/#breadcrumb\",\"itemListElement\":[{\"@type\":\"ListItem\",\"position\":1,\"name\":\"Portada\",\"item\":\"https:\\\/\\\/certificagreen.com\\\/\"},{\"@type\":\"ListItem\",\"position\":2,\"name\":\"Licencia de actividad\"}]},{\"@type\":\"WebSite\",\"@id\":\"https:\\\/\\\/certificagreen.com\\\/#website\",\"url\":\"https:\\\/\\\/certificagreen.com\\\/\",\"name\":\"CertificaGreen\",\"description\":\"Tus tr\u00e1mites y licencias en buenas manos\",\"publisher\":{\"@id\":\"https:\\\/\\\/certificagreen.com\\\/#organization\"},\"potentialAction\":[{\"@type\":\"SearchAction\",\"target\":{\"@type\":\"EntryPoint\",\"urlTemplate\":\"https:\\\/\\\/certificagreen.com\\\/?s={search_term_string}\"},\"query-input\":{\"@type\":\"PropertyValueSpecification\",\"valueRequired\":true,\"valueName\":\"search_term_string\"}}],\"inLanguage\":\"en-GB\"},{\"@type\":\"Organization\",\"@id\":\"https:\\\/\\\/certificagreen.com\\\/#organization\",\"name\":\"CertificaGreen\",\"url\":\"https:\\\/\\\/certificagreen.com\\\/\",\"logo\":{\"@type\":\"ImageObject\",\"inLanguage\":\"en-GB\",\"@id\":\"https:\\\/\\\/certificagreen.com\\\/#\\\/schema\\\/logo\\\/image\\\/\",\"url\":\"https:\\\/\\\/certificagreen.com\\\/wp-content\\\/uploads\\\/logo-certifica-green.svg\",\"contentUrl\":\"https:\\\/\\\/certificagreen.com\\\/wp-content\\\/uploads\\\/logo-certifica-green.svg\",\"width\":433,\"height\":202,\"caption\":\"CertificaGreen\"},\"image\":{\"@id\":\"https:\\\/\\\/certificagreen.com\\\/#\\\/schema\\\/logo\\\/image\\\/\"}}]}<\/script>\n<!-- \/ Yoast SEO plugin. -->","yoast_head_json":{"title":"Activity licence - CertificaGreen","description":"Activity licence - CertificaGreen","robots":{"index":"index","follow":"follow","max-snippet":"max-snippet:-1","max-image-preview":"max-image-preview:large","max-video-preview":"max-video-preview:-1"},"canonical":"https:\/\/certificagreen.com\/en\/activity-licence\/","og_locale":"en_GB","og_type":"article","og_title":"Licencia de actividad &#8212; CertificaGreen","og_description":"Licencia de actividad &#8212; CertificaGreen","og_url":"https:\/\/certificagreen.com\/en\/activity-licence\/","og_site_name":"CertificaGreen","article_modified_time":"2022-03-17T11:11:56+00:00","twitter_card":"summary_large_image","twitter_misc":{"Estimated reading time":"2 minutes"},"schema":{"@context":"https:\/\/schema.org","@graph":[{"@type":"WebPage","@id":"https:\/\/certificagreen.com\/licencia-de-actividad\/","url":"https:\/\/certificagreen.com\/licencia-de-actividad\/","name":"Activity licence - CertificaGreen","isPartOf":{"@id":"https:\/\/certificagreen.com\/#website"},"datePublished":"2022-01-17T12:21:39+00:00","dateModified":"2022-03-17T11:11:56+00:00","description":"Activity licence - CertificaGreen","breadcrumb":{"@id":"https:\/\/certificagreen.com\/licencia-de-actividad\/#breadcrumb"},"inLanguage":"en-GB","potentialAction":[{"@type":"ReadAction","target":["https:\/\/certificagreen.com\/licencia-de-actividad\/"]}]},{"@type":"BreadcrumbList","@id":"https:\/\/certificagreen.com\/licencia-de-actividad\/#breadcrumb","itemListElement":[{"@type":"ListItem","position":1,"name":"Portada","item":"https:\/\/certificagreen.com\/"},{"@type":"ListItem","position":2,"name":"Licencia de actividad"}]},{"@type":"WebSite","@id":"https:\/\/certificagreen.com\/#website","url":"https:\/\/certificagreen.com\/","name":"CertificaGreen","description":"Your paperwork and licences in safe hands","publisher":{"@id":"https:\/\/certificagreen.com\/#organization"},"potentialAction":[{"@type":"SearchAction","target":{"@type":"EntryPoint","urlTemplate":"https:\/\/certificagreen.com\/?s={search_term_string}"},"query-input":{"@type":"PropertyValueSpecification","valueRequired":true,"valueName":"search_term_string"}}],"inLanguage":"en-GB"},{"@type":"Organization","@id":"https:\/\/certificagreen.com\/#organization","name":"CertificaGreen","url":"https:\/\/certificagreen.com\/","logo":{"@type":"ImageObject","inLanguage":"en-GB","@id":"https:\/\/certificagreen.com\/#\/schema\/logo\/image\/","url":"https:\/\/certificagreen.com\/wp-content\/uploads\/logo-certifica-green.svg","contentUrl":"https:\/\/certificagreen.com\/wp-content\/uploads\/logo-certifica-green.svg","width":433,"height":202,"caption":"CertificaGreen"},"image":{"@id":"https:\/\/certificagreen.com\/#\/schema\/logo\/image\/"}}]}},"_links":{"self":[{"href":"https:\/\/certificagreen.com\/en\/wp-json\/wp\/v2\/pages\/226","targetHints":{"allow":["GET"]}}],"collection":[{"href":"https:\/\/certificagreen.com\/en\/wp-json\/wp\/v2\/pages"}],"about":[{"href":"https:\/\/certificagreen.com\/en\/wp-json\/wp\/v2\/types\/page"}],"author":[{"embeddable":true,"href":"https:\/\/certificagreen.com\/en\/wp-json\/wp\/v2\/users\/1"}],"replies":[{"embeddable":true,"href":"https:\/\/certificagreen.com\/en\/wp-json\/wp\/v2\/comments?post=226"}],"version-history":[{"count":37,"href":"https:\/\/certificagreen.com\/en\/wp-json\/wp\/v2\/pages\/226\/revisions"}],"predecessor-version":[{"id":804,"href":"https:\/\/certificagreen.com\/en\/wp-json\/wp\/v2\/pages\/226\/revisions\/804"}],"wp:attachment":[{"href":"https:\/\/certificagreen.com\/en\/wp-json\/wp\/v2\/media?parent=226"}],"curies":[{"name":"wp","href":"https:\/\/api.w.org\/{rel}","templated":true}]}}