{"id":13,"date":"2022-01-10T14:13:00","date_gmt":"2022-01-10T13:13:00","guid":{"rendered":"https:\/\/certificagreen.com\/?page_id=13"},"modified":"2023-07-19T21:34:01","modified_gmt":"2023-07-19T19:34:01","slug":"energy-certificate","status":"publish","type":"page","link":"https:\/\/certificagreen.com\/en\/energy-certificate\/","title":{"rendered":"Energy certificate"},"content":{"rendered":"<div data-elementor-type=\"wp-page\" data-elementor-id=\"13\" class=\"elementor elementor-13\" data-elementor-post-type=\"page\">\n\t\t\t\t\t\t<section class=\"elementor-section elementor-top-section elementor-element elementor-element-247ff09 elementor-section-height-min-height elementor-section-boxed elementor-section-height-default elementor-section-items-middle\" data-id=\"247ff09\" data-element_type=\"section\" data-settings=\"{&quot;background_background&quot;:&quot;classic&quot;}\">\n\t\t\t\t\t\t\t<div class=\"elementor-background-overlay\"><\/div>\n\t\t\t\t\t\t\t<div class=\"elementor-container elementor-column-gap-default\">\n\t\t\t\t\t<div class=\"elementor-column elementor-col-100 elementor-top-column elementor-element elementor-element-0157c99\" data-id=\"0157c99\" data-element_type=\"column\">\n\t\t\t<div class=\"elementor-widget-wrap elementor-element-populated\">\n\t\t\t\t\t\t<div class=\"elementor-element elementor-element-72a9ba4 elementor-widget elementor-widget-heading\" data-id=\"72a9ba4\" data-element_type=\"widget\" data-widget_type=\"heading.default\">\n\t\t\t\t<div class=\"elementor-widget-container\">\n\t\t\t\t\t<h1 class=\"elementor-heading-title elementor-size-default\">Energy certificate<\/h1>\t\t\t\t<\/div>\n\t\t\t\t<\/div>\n\t\t\t\t<div class=\"elementor-element elementor-element-6cb593d elementor-widget elementor-widget-heading\" data-id=\"6cb593d\" data-element_type=\"widget\" data-widget_type=\"heading.default\">\n\t\t\t\t<div class=\"elementor-widget-container\">\n\t\t\t\t\t<h2 class=\"elementor-heading-title elementor-size-default\">Energy efficiency experts<\/h2>\t\t\t\t<\/div>\n\t\t\t\t<\/div>\n\t\t\t\t\t<\/div>\n\t\t<\/div>\n\t\t\t\t\t<\/div>\n\t\t<\/section>\n\t\t\t\t<section class=\"elementor-section elementor-top-section elementor-element elementor-element-73a5639 elementor-section-boxed elementor-section-height-default elementor-section-height-default\" data-id=\"73a5639\" data-element_type=\"section\">\n\t\t\t\t\t\t<div class=\"elementor-container elementor-column-gap-default\">\n\t\t\t\t\t<div class=\"elementor-column elementor-col-100 elementor-top-column elementor-element elementor-element-531446e\" data-id=\"531446e\" data-element_type=\"column\">\n\t\t\t<div class=\"elementor-widget-wrap elementor-element-populated\">\n\t\t\t\t\t\t<div class=\"elementor-element elementor-element-bb04433 elementor-align-start elementor-mobile-align-start elementor-icon-list--layout-traditional elementor-list-item-link-full_width elementor-widget elementor-widget-icon-list\" data-id=\"bb04433\" data-element_type=\"widget\" data-widget_type=\"icon-list.default\">\n\t\t\t\t<div class=\"elementor-widget-container\">\n\t\t\t\t\t\t\t<ul class=\"elementor-icon-list-items\">\n\t\t\t\t\t\t\t<li class=\"elementor-icon-list-item\">\n\t\t\t\t\t\t\t\t\t\t\t<span class=\"elementor-icon-list-icon\">\n\t\t\t\t\t\t\t<i aria-hidden=\"true\" class=\"fas fa-check\"><\/i>\t\t\t\t\t\t<\/span>\n\t\t\t\t\t\t\t\t\t\t<span class=\"elementor-icon-list-text\">Visit the day after your call<\/span>\n\t\t\t\t\t\t\t\t\t<\/li>\n\t\t\t\t\t\t\t\t<li class=\"elementor-icon-list-item\">\n\t\t\t\t\t\t\t\t\t\t\t<span class=\"elementor-icon-list-icon\">\n\t\t\t\t\t\t\t<i aria-hidden=\"true\" class=\"fas fa-check\"><\/i>\t\t\t\t\t\t<\/span>\n\t\t\t\t\t\t\t\t\t\t<span class=\"elementor-icon-list-text\">Your certificate in 24h<\/span>\n\t\t\t\t\t\t\t\t\t<\/li>\n\t\t\t\t\t\t\t\t<li class=\"elementor-icon-list-item\">\n\t\t\t\t\t\t\t\t\t\t\t<span class=\"elementor-icon-list-icon\">\n\t\t\t\t\t\t\t<i aria-hidden=\"true\" class=\"fas fa-check\"><\/i>\t\t\t\t\t\t<\/span>\n\t\t\t\t\t\t\t\t\t\t<span class=\"elementor-icon-list-text\">Registration formalities and energy label included<\/span>\n\t\t\t\t\t\t\t\t\t<\/li>\n\t\t\t\t\t\t\t\t<li class=\"elementor-icon-list-item\">\n\t\t\t\t\t\t\t\t\t\t\t<span class=\"elementor-icon-list-icon\">\n\t\t\t\t\t\t\t<i aria-hidden=\"true\" class=\"fas fa-check\"><\/i>\t\t\t\t\t\t<\/span>\n\t\t\t\t\t\t\t\t\t\t<span class=\"elementor-icon-list-text\">Carried out by technical architects and engineers<\/span>\n\t\t\t\t\t\t\t\t\t<\/li>\n\t\t\t\t\t\t<\/ul>\n\t\t\t\t\t\t<\/div>\n\t\t\t\t<\/div>\n\t\t\t\t\t<\/div>\n\t\t<\/div>\n\t\t\t\t\t<\/div>\n\t\t<\/section>\n\t\t\t\t<section class=\"elementor-section elementor-top-section elementor-element elementor-element-b49527a elementor-section-boxed elementor-section-height-default elementor-section-height-default\" data-id=\"b49527a\" data-element_type=\"section\">\n\t\t\t\t\t\t<div class=\"elementor-container elementor-column-gap-default\">\n\t\t\t\t\t<div class=\"elementor-column elementor-col-100 elementor-top-column elementor-element elementor-element-e4093ee\" data-id=\"e4093ee\" data-element_type=\"column\">\n\t\t\t<div class=\"elementor-widget-wrap elementor-element-populated\">\n\t\t\t\t\t\t<div class=\"elementor-element elementor-element-a37cc63 elementor-widget elementor-widget-text-editor\" data-id=\"a37cc63\" data-element_type=\"widget\" data-widget_type=\"text-editor.default\">\n\t\t\t\t<div class=\"elementor-widget-container\">\n\t\t\t\t\t\t\t\t\t<p>The\u00a0<strong>energy certificate<\/strong> is an official and mandatory document (<strong><span style=\"color: #99cc00;\"><a style=\"color: #99cc00;\" href=\"https:\/\/www.boe.es\/buscar\/doc.php?id=BOE-A-2021-9176\" target=\"_blank\" rel=\"noopener\">Royal Decree 390\/2021<\/a><\/span><\/strong>) that assesses the energy consumption of a building or a house, and the carbon dioxide emissions it produces, using a score based on a scale of letters and colours. \"A\" is the most efficient and \"G\" the least efficient.<\/p><p>This score can be improved, if appropriate, by applying the measures provided by the technical architect or engineer.<\/p><p>_<\/p><p>For this qualification, the different types of envelopes, facades, walls, insulation, windows, whether the windows have double glazing, whether it is under a roof or over a garage, hot water generation systems, heating, cooling, electric or biomass boiler, boiler, etc. are analysed.<\/p>\t\t\t\t\t\t\t\t<\/div>\n\t\t\t\t<\/div>\n\t\t\t\t<div class=\"elementor-element elementor-element-26988a0 elementor-widget-divider--view-line elementor-widget elementor-widget-divider\" data-id=\"26988a0\" data-element_type=\"widget\" data-widget_type=\"divider.default\">\n\t\t\t\t<div class=\"elementor-widget-container\">\n\t\t\t\t\t\t\t<div class=\"elementor-divider\">\n\t\t\t<span class=\"elementor-divider-separator\">\n\t\t\t\t\t\t<\/span>\n\t\t<\/div>\n\t\t\t\t\t\t<\/div>\n\t\t\t\t<\/div>\n\t\t\t\t<div class=\"elementor-element elementor-element-f42dbec elementor-widget elementor-widget-heading\" data-id=\"f42dbec\" data-element_type=\"widget\" data-widget_type=\"heading.default\">\n\t\t\t\t<div class=\"elementor-widget-container\">\n\t\t\t\t\t<h2 class=\"elementor-heading-title elementor-size-default\">How the service is performed<\/h2>\t\t\t\t<\/div>\n\t\t\t\t<\/div>\n\t\t\t\t<div class=\"elementor-element elementor-element-9bd4866 elementor-widget elementor-widget-text-editor\" data-id=\"9bd4866\" data-element_type=\"widget\" data-widget_type=\"text-editor.default\">\n\t\t\t\t<div class=\"elementor-widget-container\">\n\t\t\t\t\t\t\t\t\t<ol><li>Face-to-face visit<\/li><li>Data collection<\/li><li>Parameter study by the official programme issued by the Ministry CE3X<\/li><li>Reporting and grading<\/li><li>Certificate sent by mail within 24h<\/li><\/ol>\t\t\t\t\t\t\t\t<\/div>\n\t\t\t\t<\/div>\n\t\t\t\t<div class=\"elementor-element elementor-element-681cb16 elementor-widget elementor-widget-text-editor\" data-id=\"681cb16\" data-element_type=\"widget\" data-widget_type=\"text-editor.default\">\n\t\t\t\t<div class=\"elementor-widget-container\">\n\t\t\t\t\t\t\t\t\t<p>*The average duration of face-to-face visits is 30 minutes.<\/p><p>**The duration is 10 years, it does not oblige you to make any improvements, you only receive recommendations to improve your energy rating and in turn the efficiency of your home.<\/p><p>***<em style=\"color: var( --e-global-color-text );\">Email sent to the owner on the same day if the measurement was taken before 20:00h, if later, it is sent the following morning.<\/em><\/p>\t\t\t\t\t\t\t\t<\/div>\n\t\t\t\t<\/div>\n\t\t\t\t<div class=\"elementor-element elementor-element-08c1756 elementor-widget-divider--view-line elementor-widget elementor-widget-divider\" data-id=\"08c1756\" data-element_type=\"widget\" data-widget_type=\"divider.default\">\n\t\t\t\t<div class=\"elementor-widget-container\">\n\t\t\t\t\t\t\t<div class=\"elementor-divider\">\n\t\t\t<span class=\"elementor-divider-separator\">\n\t\t\t\t\t\t<\/span>\n\t\t<\/div>\n\t\t\t\t\t\t<\/div>\n\t\t\t\t<\/div>\n\t\t\t\t<div class=\"elementor-element elementor-element-a7cc21f elementor-widget elementor-widget-heading\" data-id=\"a7cc21f\" data-element_type=\"widget\" data-widget_type=\"heading.default\">\n\t\t\t\t<div class=\"elementor-widget-container\">\n\t\t\t\t\t<h2 class=\"elementor-heading-title elementor-size-default\">Prices<\/h2>\t\t\t\t<\/div>\n\t\t\t\t<\/div>\n\t\t\t\t<div class=\"elementor-element elementor-element-4b11640 elementor-widget elementor-widget-text-editor\" data-id=\"4b11640\" data-element_type=\"widget\" data-widget_type=\"text-editor.default\">\n\t\t\t\t<div class=\"elementor-widget-container\">\n\t\t\t\t\t\t\t\t\t<p>Up to 100m\u00b2 - 80\u20ac +VAT. Plans 100\u20ac +VAT<\/p>\n<p>Up to 150m\u00b2 - 100\u20ac +VAT. Plans 130\u20ac +VAT<\/p>\n<p>Up to 200m\u00b2 - 120\u20ac +VAT. Plans 160\u20ac +VAT<\/p>\t\t\t\t\t\t\t\t<\/div>\n\t\t\t\t<\/div>\n\t\t\t\t<div class=\"elementor-element elementor-element-a56a857 elementor-widget-divider--view-line elementor-widget elementor-widget-divider\" data-id=\"a56a857\" data-element_type=\"widget\" data-widget_type=\"divider.default\">\n\t\t\t\t<div class=\"elementor-widget-container\">\n\t\t\t\t\t\t\t<div class=\"elementor-divider\">\n\t\t\t<span class=\"elementor-divider-separator\">\n\t\t\t\t\t\t<\/span>\n\t\t<\/div>\n\t\t\t\t\t\t<\/div>\n\t\t\t\t<\/div>\n\t\t\t\t<div class=\"elementor-element elementor-element-043e7b0 elementor-widget elementor-widget-heading\" data-id=\"043e7b0\" data-element_type=\"widget\" data-widget_type=\"heading.default\">\n\t\t\t\t<div class=\"elementor-widget-container\">\n\t\t\t\t\t<h2 class=\"elementor-heading-title elementor-size-default\">Comply with regulations: Get your energy certificate<\/h2>\t\t\t\t<\/div>\n\t\t\t\t<\/div>\n\t\t\t\t<div class=\"elementor-element elementor-element-12efd2c elementor-widget elementor-widget-text-editor\" data-id=\"12efd2c\" data-element_type=\"widget\" data-widget_type=\"text-editor.default\">\n\t\t\t\t<div class=\"elementor-widget-container\">\n\t\t\t\t\t\t\t\t\t<p>If you are thinking of selling or renting your property, you will need a current energy certificate to comply with legal regulations.<\/p><p>At CertificaGreen, we take care of this process in a fast and efficient way. <br \/>Our team of experts will assess your home, issue the certificate and register it in the Energy Certificate Register, ensuring that you comply with all legal requirements.<\/p>\t\t\t\t\t\t\t\t<\/div>\n\t\t\t\t<\/div>\n\t\t\t\t<div class=\"elementor-element elementor-element-f734771 elementor-widget-divider--view-line elementor-widget elementor-widget-divider\" data-id=\"f734771\" data-element_type=\"widget\" data-widget_type=\"divider.default\">\n\t\t\t\t<div class=\"elementor-widget-container\">\n\t\t\t\t\t\t\t<div class=\"elementor-divider\">\n\t\t\t<span class=\"elementor-divider-separator\">\n\t\t\t\t\t\t<\/span>\n\t\t<\/div>\n\t\t\t\t\t\t<\/div>\n\t\t\t\t<\/div>\n\t\t\t\t<div class=\"elementor-element elementor-element-7d87fc4 elementor-widget elementor-widget-heading\" data-id=\"7d87fc4\" data-element_type=\"widget\" data-widget_type=\"heading.default\">\n\t\t\t\t<div class=\"elementor-widget-container\">\n\t\t\t\t\t<h2 class=\"elementor-heading-title elementor-size-default\">CertificaGreen: The specialists in energy certificates you need<\/h2>\t\t\t\t<\/div>\n\t\t\t\t<\/div>\n\t\t\t\t<div class=\"elementor-element elementor-element-3b38797 elementor-widget elementor-widget-text-editor\" data-id=\"3b38797\" data-element_type=\"widget\" data-widget_type=\"text-editor.default\">\n\t\t\t\t<div class=\"elementor-widget-container\">\n\t\t\t\t\t\t\t\t\t<p>We are proud to be the specialists in energy certification in the region. Our team of highly trained professionals have the knowledge and experience to efficiently assess your property and issue an accurate and reliable certificate.<\/p><p>We work in a thorough and detailed manner to ensure that we provide you with accurate information and the right recommendations to improve the energy efficiency of your home.<\/p><p>Trust us and get your certificate quickly and without complications. Contribute to the care of the environment and comply with legal regulations with our service.<\/p><p>\u00a1<a href=\"https:\/\/certificagreen.com\/en\/contact\/\" target=\"_blank\" rel=\"noopener\"><b>Contact us at<\/b><\/a>\u00a0and start enjoying the benefits of energy efficiency in your home!<\/p>\t\t\t\t\t\t\t\t<\/div>\n\t\t\t\t<\/div>\n\t\t\t\t\t<\/div>\n\t\t<\/div>\n\t\t\t\t\t<\/div>\n\t\t<\/section>\n\t\t\t\t<\/div>","protected":false},"excerpt":{"rendered":"<p>Energy efficiency experts Visit the day after your call Your certificate in 24h Registration procedures and energy label included Carried out by technical architects and engineers The energy certificate is an official and mandatory document (Royal Decree 390\/2021) that evaluates the energy consumption of a building of a house or building, and the energy emissions of the building, including [...]<\/p>","protected":false},"author":1,"featured_media":0,"parent":0,"menu_order":0,"comment_status":"closed","ping_status":"closed","template":"","meta":{"footnotes":""},"class_list":["post-13","page","type-page","status-publish","hentry"],"yoast_head":"<!-- This site is optimized with the Yoast SEO plugin v26.8 - https:\/\/yoast.com\/product\/yoast-seo-wordpress\/ -->\n<title>Obt\u00e9n tu certificado energ\u00e9tico: eficiencia garantizada<\/title>\n<meta name=\"description\" content=\"Obt\u00e9n tu certificado energ\u00e9tico para tu vivienda de manera f\u00e1cil y r\u00e1pida. En CertificaGreen, somos los expertos que necesitas. \u00a1Con\u00f3cenos!\" \/>\n<meta name=\"robots\" content=\"index, follow, max-snippet:-1, max-image-preview:large, max-video-preview:-1\" \/>\n<link rel=\"canonical\" href=\"https:\/\/certificagreen.com\/en\/energy-certificate\/\" \/>\n<meta property=\"og:locale\" content=\"en_GB\" \/>\n<meta property=\"og:type\" content=\"article\" \/>\n<meta property=\"og:title\" content=\"Obt\u00e9n tu certificado energ\u00e9tico: eficiencia garantizada\" \/>\n<meta property=\"og:description\" content=\"Obt\u00e9n tu certificado energ\u00e9tico para tu vivienda de manera f\u00e1cil y r\u00e1pida. En CertificaGreen, somos los expertos que necesitas. \u00a1Con\u00f3cenos!\" \/>\n<meta property=\"og:url\" content=\"https:\/\/certificagreen.com\/en\/energy-certificate\/\" \/>\n<meta property=\"og:site_name\" content=\"CertificaGreen\" \/>\n<meta property=\"article:modified_time\" content=\"2023-07-19T19:34:01+00:00\" \/>\n<meta name=\"twitter:card\" content=\"summary_large_image\" \/>\n<meta name=\"twitter:label1\" content=\"Estimated reading time\" \/>\n\t<meta name=\"twitter:data1\" content=\"3 minutes\" \/>\n<script type=\"application\/ld+json\" class=\"yoast-schema-graph\">{\"@context\":\"https:\/\/schema.org\",\"@graph\":[{\"@type\":\"WebPage\",\"@id\":\"https:\/\/certificagreen.com\/certificado-energetico\/\",\"url\":\"https:\/\/certificagreen.com\/certificado-energetico\/\",\"name\":\"Obt\u00e9n tu certificado energ\u00e9tico: eficiencia garantizada\",\"isPartOf\":{\"@id\":\"https:\/\/certificagreen.com\/#website\"},\"datePublished\":\"2022-01-10T13:13:00+00:00\",\"dateModified\":\"2023-07-19T19:34:01+00:00\",\"description\":\"Obt\u00e9n tu certificado energ\u00e9tico para tu vivienda de manera f\u00e1cil y r\u00e1pida. En CertificaGreen, somos los expertos que necesitas. \u00a1Con\u00f3cenos!\",\"breadcrumb\":{\"@id\":\"https:\/\/certificagreen.com\/certificado-energetico\/#breadcrumb\"},\"inLanguage\":\"en-GB\",\"potentialAction\":[{\"@type\":\"ReadAction\",\"target\":[\"https:\/\/certificagreen.com\/certificado-energetico\/\"]}]},{\"@type\":\"BreadcrumbList\",\"@id\":\"https:\/\/certificagreen.com\/certificado-energetico\/#breadcrumb\",\"itemListElement\":[{\"@type\":\"ListItem\",\"position\":1,\"name\":\"Portada\",\"item\":\"https:\/\/certificagreen.com\/\"},{\"@type\":\"ListItem\",\"position\":2,\"name\":\"Certificado energ\u00e9tico\"}]},{\"@type\":\"WebSite\",\"@id\":\"https:\/\/certificagreen.com\/#website\",\"url\":\"https:\/\/certificagreen.com\/\",\"name\":\"CertificaGreen\",\"description\":\"Tus tr\u00e1mites y licencias en buenas manos\",\"publisher\":{\"@id\":\"https:\/\/certificagreen.com\/#organization\"},\"potentialAction\":[{\"@type\":\"SearchAction\",\"target\":{\"@type\":\"EntryPoint\",\"urlTemplate\":\"https:\/\/certificagreen.com\/?s={search_term_string}\"},\"query-input\":{\"@type\":\"PropertyValueSpecification\",\"valueRequired\":true,\"valueName\":\"search_term_string\"}}],\"inLanguage\":\"en-GB\"},{\"@type\":\"Organization\",\"@id\":\"https:\/\/certificagreen.com\/#organization\",\"name\":\"CertificaGreen\",\"url\":\"https:\/\/certificagreen.com\/\",\"logo\":{\"@type\":\"ImageObject\",\"inLanguage\":\"en-GB\",\"@id\":\"https:\/\/certificagreen.com\/#\/schema\/logo\/image\/\",\"url\":\"https:\/\/certificagreen.com\/wp-content\/uploads\/logo-certifica-green.svg\",\"contentUrl\":\"https:\/\/certificagreen.com\/wp-content\/uploads\/logo-certifica-green.svg\",\"width\":433,\"height\":202,\"caption\":\"CertificaGreen\"},\"image\":{\"@id\":\"https:\/\/certificagreen.com\/#\/schema\/logo\/image\/\"}}]}<\/script>\n<!-- \/ Yoast SEO plugin. -->","yoast_head_json":{"title":"Get your energy certificate: efficiency guaranteed","description":"Get your energy certificate for your home quickly and easily. At CertificaGreen, we are the experts you need, get to know us!","robots":{"index":"index","follow":"follow","max-snippet":"max-snippet:-1","max-image-preview":"max-image-preview:large","max-video-preview":"max-video-preview:-1"},"canonical":"https:\/\/certificagreen.com\/en\/energy-certificate\/","og_locale":"en_GB","og_type":"article","og_title":"Obt\u00e9n tu certificado energ\u00e9tico: eficiencia garantizada","og_description":"Obt\u00e9n tu certificado energ\u00e9tico para tu vivienda de manera f\u00e1cil y r\u00e1pida. En CertificaGreen, somos los expertos que necesitas. \u00a1Con\u00f3cenos!","og_url":"https:\/\/certificagreen.com\/en\/energy-certificate\/","og_site_name":"CertificaGreen","article_modified_time":"2023-07-19T19:34:01+00:00","twitter_card":"summary_large_image","twitter_misc":{"Estimated reading time":"3 minutes"},"schema":{"@context":"https:\/\/schema.org","@graph":[{"@type":"WebPage","@id":"https:\/\/certificagreen.com\/certificado-energetico\/","url":"https:\/\/certificagreen.com\/certificado-energetico\/","name":"Get your energy certificate: efficiency guaranteed","isPartOf":{"@id":"https:\/\/certificagreen.com\/#website"},"datePublished":"2022-01-10T13:13:00+00:00","dateModified":"2023-07-19T19:34:01+00:00","description":"Get your energy certificate for your home quickly and easily. At CertificaGreen, we are the experts you need, get to know us!","breadcrumb":{"@id":"https:\/\/certificagreen.com\/certificado-energetico\/#breadcrumb"},"inLanguage":"en-GB","potentialAction":[{"@type":"ReadAction","target":["https:\/\/certificagreen.com\/certificado-energetico\/"]}]},{"@type":"BreadcrumbList","@id":"https:\/\/certificagreen.com\/certificado-energetico\/#breadcrumb","itemListElement":[{"@type":"ListItem","position":1,"name":"Portada","item":"https:\/\/certificagreen.com\/"},{"@type":"ListItem","position":2,"name":"Certificado energ\u00e9tico"}]},{"@type":"WebSite","@id":"https:\/\/certificagreen.com\/#website","url":"https:\/\/certificagreen.com\/","name":"CertificaGreen","description":"Your paperwork and licences in safe hands","publisher":{"@id":"https:\/\/certificagreen.com\/#organization"},"potentialAction":[{"@type":"SearchAction","target":{"@type":"EntryPoint","urlTemplate":"https:\/\/certificagreen.com\/?s={search_term_string}"},"query-input":{"@type":"PropertyValueSpecification","valueRequired":true,"valueName":"search_term_string"}}],"inLanguage":"en-GB"},{"@type":"Organization","@id":"https:\/\/certificagreen.com\/#organization","name":"CertificaGreen","url":"https:\/\/certificagreen.com\/","logo":{"@type":"ImageObject","inLanguage":"en-GB","@id":"https:\/\/certificagreen.com\/#\/schema\/logo\/image\/","url":"https:\/\/certificagreen.com\/wp-content\/uploads\/logo-certifica-green.svg","contentUrl":"https:\/\/certificagreen.com\/wp-content\/uploads\/logo-certifica-green.svg","width":433,"height":202,"caption":"CertificaGreen"},"image":{"@id":"https:\/\/certificagreen.com\/#\/schema\/logo\/image\/"}}]}},"_links":{"self":[{"href":"https:\/\/certificagreen.com\/en\/wp-json\/wp\/v2\/pages\/13","targetHints":{"allow":["GET"]}}],"collection":[{"href":"https:\/\/certificagreen.com\/en\/wp-json\/wp\/v2\/pages"}],"about":[{"href":"https:\/\/certificagreen.com\/en\/wp-json\/wp\/v2\/types\/page"}],"author":[{"embeddable":true,"href":"https:\/\/certificagreen.com\/en\/wp-json\/wp\/v2\/users\/1"}],"replies":[{"embeddable":true,"href":"https:\/\/certificagreen.com\/en\/wp-json\/wp\/v2\/comments?post=13"}],"version-history":[{"count":97,"href":"https:\/\/certificagreen.com\/en\/wp-json\/wp\/v2\/pages\/13\/revisions"}],"predecessor-version":[{"id":875,"href":"https:\/\/certificagreen.com\/en\/wp-json\/wp\/v2\/pages\/13\/revisions\/875"}],"wp:attachment":[{"href":"https:\/\/certificagreen.com\/en\/wp-json\/wp\/v2\/media?parent=13"}],"curies":[{"name":"wp","href":"https:\/\/api.w.org\/{rel}","templated":true}]}}